 

{"id":70,"date":"2017-10-01T12:26:47","date_gmt":"2017-10-01T12:26:47","guid":{"rendered":"http:\/\/localhost:8080\/cimfyr\/?page_id=70"},"modified":"2020-05-15T15:26:24","modified_gmt":"2020-05-15T15:26:24","slug":"quienes-somos","status":"publish","type":"page","link":"http:\/\/www.cimfyr.com.ar\/index.php\/quienes-somos\/","title":{"rendered":"Sobre CIMFyR"},"content":{"rendered":"<p>Somos un grupo de profesionales conformado por un equipo interdisciplinario que incluyen los servicios de terapia ocupacional, fonoudiolog\u00eda, psicolog\u00eda, fisiatr\u00eda, nutrici\u00f3n y fisiokinesoterapia.<\/p>\n<p>Nos enfocamos en el abordaje de los pacientes adolescentes y adultos con secuelas neurol\u00f3gicas motoras, sensitivas y cognitivas, ofreciendo tratamientos integrales totalmente personalizados. Nos ocupamos tambi\u00e9n de pacientes con patolog\u00edas traumatol\u00f3gicas, osteomiarticulares, amputados, dolor, comunicaci\u00f3n y marcha.<\/p>\n<p>Estamos dispuestos a brindarle la mejor atenci\u00f3n a nuestros pacientes desde el punto de vista profesional sin dejar de lado el trato personal.<\/p>\n<hr \/>\n<p>&nbsp;<\/p>\n<h4 style=\"text-align: left;\"><span style=\"color: #238dc1;\">Nuestra Misi\u00f3n<\/span><\/h4>\n<p>&nbsp;<\/p>\n<hr \/>\n<p>Nos dedicamos a la atenci\u00f3n y abordaje del paciente con disfunciones en su desarrollo, da\u00f1o neurol\u00f3gico, traumatol\u00f3gico, amputados, osteomioarticular y dolor cr\u00f3nico, sustentado por un grupo de profesionales altamente calificados cuyos objetivos fundamentales son: asistencia, docencia y calidad humana, orientados a brindar prestaciones en rehabilitaci\u00f3n con tecnolog\u00eda de \u00faltima generaci\u00f3n, enfatizando en la calidad de vida, independencia e integraci\u00f3n de nuestros pacientes en la sociedad.<\/p>\n<p>Estamos dispuestos a brindarle la mejor atenci\u00f3n a nuestros pacientes desde el punto de vista profesional sin dejar de lado lo que mas nos importa, el trato personal.<\/p>\n<hr \/>\n<p>&nbsp;<\/p>\n<h4><span style=\"color: #238dc1;\">Nuestra Visi\u00f3n<\/span><\/h4>\n<p>&nbsp;<\/p>\n<hr \/>\n<p>Ser una instituci\u00f3n que mediante un abordaje espec\u00edfico, personalizado e interdisciplinario promueva en pacientes con dificultades motoras, cognitivas, vencer sus limitaciones y alcanzar la m\u00e1xima integraci\u00f3n social y laboral.<\/p>\n","protected":false},"excerpt":{"rendered":"<p>Somos un grupo de profesionales conformado por un equipo interdisciplinario que incluyen los servicios de terapia ocupacional, fonoudiolog\u00eda, psicolog\u00eda, fisiatr\u00eda, nutrici\u00f3n y fisiokinesoterapia. Nos enfocamos en el abordaje de los pacientes adolescentes y adultos con secuelas neurol\u00f3gicas motoras, sensitivas y cognitivas, ofreciendo tratamientos integrales totalmente personalizados. Nos ocupamos tambi\u00e9n de pacientes con patolog\u00edas traumatol\u00f3gicas, osteomiarticulares,&hellip; <br \/> <a class=\"read-more\" href=\"http:\/\/www.cimfyr.com.ar\/index.php\/quienes-somos\/\">Leer m\u00e1s<\/a><\/p>\n","protected":false},"author":1,"featured_media":0,"parent":0,"menu_order":0,"comment_status":"closed","ping_status":"closed","template":"","meta":[],"_links":{"self":[{"href":"http:\/\/www.cimfyr.com.ar\/index.php\/wp-json\/wp\/v2\/pages\/70"}],"collection":[{"href":"http:\/\/www.cimfyr.com.ar\/index.php\/wp-json\/wp\/v2\/pages"}],"about":[{"href":"http:\/\/www.cimfyr.com.ar\/index.php\/wp-json\/wp\/v2\/types\/page"}],"author":[{"embeddable":true,"href":"http:\/\/www.cimfyr.com.ar\/index.php\/wp-json\/wp\/v2\/users\/1"}],"replies":[{"embeddable":true,"href":"http:\/\/www.cimfyr.com.ar\/index.php\/wp-json\/wp\/v2\/comments?post=70"}],"version-history":[{"count":20,"href":"http:\/\/www.cimfyr.com.ar\/index.php\/wp-json\/wp\/v2\/pages\/70\/revisions"}],"predecessor-version":[{"id":469,"href":"http:\/\/www.cimfyr.com.ar\/index.php\/wp-json\/wp\/v2\/pages\/70\/revisions\/469"}],"wp:attachment":[{"href":"http:\/\/www.cimfyr.com.ar\/index.php\/wp-json\/wp\/v2\/media?parent=70"}],"curies":[{"name":"wp","href":"https:\/\/api.w.org\/{rel}","templated":true}]}}